{"id":1103,"date":"2018-07-09T17:33:24","date_gmt":"2018-07-09T15:33:24","guid":{"rendered":"http:\/\/www.agriprecisione.it\/?page_id=1103"},"modified":"2023-06-08T16:06:21","modified_gmt":"2023-06-08T14:06:21","slug":"misuratore-di-umidita-dickey-john-gac2100gi","status":"publish","type":"page","link":"https:\/\/www.agriprecisione.it\/en\/prodotti\/dickey-john-italia\/misuratore-umidita-per-cereali-2\/misuratore-di-umidita-dickey-john-gac2100gi\/","title":{"rendered":"<p>GAC2100 GRAY<\/p>"},"content":{"rendered":"<p data-placeholder=\"Traduzione\" dir=\"ltr\"><a href=\"http:\/\/www.agriprecisione.it\/wp-content\/uploads\/2018\/07\/an_mt_GAC2100GI.jpg\" rel=\"lightbox[1103]\"><img decoding=\"async\" loading=\"lazy\" src=\"http:\/\/www.agriprecisione.it\/wp-content\/uploads\/2018\/07\/an_mt_GAC2100GI-287x300.jpg\" alt=\"\" class=\"aligncenter wp-image-1104 size-medium\" width=\"287\" height=\"300\" srcset=\"https:\/\/www.agriprecisione.it\/wp-content\/uploads\/2018\/07\/an_mt_GAC2100GI-287x300.jpg 287w, https:\/\/www.agriprecisione.it\/wp-content\/uploads\/2018\/07\/an_mt_GAC2100GI.jpg 573w\" sizes=\"(max-width: 287px) 100vw, 287px\"><\/a><p class=\"tw-data-text tw-ta tw-text-small\" data-placeholder=\"Traduzione\" id=\"tw-target-text\" dir=\"ltr\"><span lang=\"it\">Il GAC2100GI, di colore grigio, &egrave; anche misuratore di umidit&agrave; adatto a chi debba elaborare un grande numero di campioni rapidamente, eseguendo il test in soli 16 secondi. Pu&ograve; memorizzare 16 curve di calibrazione differenti. Pu&ograve; essere dotato come accessorio di una stampante ad aghi dedicata che stampa su carta comune.<br>\n<\/span><\/p><blockquote>\n<hr>\n<h5 class=\" translation-block\">Get your free quote by filling out this <strong> <a href=\"http:\/\/www.agriprecisione.it\/contatti\/\" target=\"_blank\" rel=\"noopener\"> email form <\/a> <\/strong> and specifying the products you are interested in!<\/h5>\n<hr>\n<\/blockquote><p data-placeholder=\"Traduzione\" dir=\"ltr\"><a href=\"http:\/\/www.agriprecisione.it\/wp-content\/uploads\/2018\/07\/an_mt_GAC2100GI_literature-ilovepdf-compressed.pdf\" target=\"_blank\" rel=\"noopener\">View the complete technical sheet of this product. English version<\/a><\/p><\/p>","protected":false},"excerpt":{"rendered":"<p>Il GAC2100GI, di colore grigio, &egrave; anche misuratore di umidit&agrave; adatto a chi debba elaborare un grande numero di campioni rapidamente, eseguendo il test in soli 16 secondi. Pu&ograve; memorizzare 16 curve di calibrazione differenti. Pu&ograve; essere dotato come accessorio di una stampante ad aghi dedicata che stampa su carta<a class=\"moretag\" href=\"https:\/\/www.agriprecisione.it\/en\/prodotti\/dickey-john-italia\/misuratore-umidita-per-cereali-2\/misuratore-di-umidita-dickey-john-gac2100gi\/\"> Read more<\/a><\/p>","protected":false},"author":3,"featured_media":0,"parent":749,"menu_order":0,"comment_status":"closed","ping_status":"closed","template":"","meta":{"footnotes":""},"yoast_head":"<!-- This site is optimized with the Yoast SEO plugin v21.3 - https:\/\/yoast.com\/wordpress\/plugins\/seo\/ -->\n<title>GAC2100 GRAY - Agriprecisione.it<\/title>\n<meta name=\"description\" content=\"Il GAC2100GI, di colore grigio, \u00e8 anche un tester di umidit\u00e0 non-NTEP che verifica l&#039;umidit\u00e0 in 16 tipi di grano standard, con la stessa precisione del GAC2100B ma ad un prezzo pi\u00f9 vantaggioso.\" \/>\n<meta name=\"robots\" content=\"index, follow, max-snippet:-1, max-image-preview:large, max-video-preview:-1\" \/>\n<link rel=\"canonical\" href=\"https:\/\/www.agriprecisione.it\/en\/prodotti\/dickey-john-italia\/misuratore-umidita-per-cereali-2\/misuratore-di-umidita-dickey-john-gac2100gi\/\" \/>\n<meta property=\"og:locale\" content=\"en_US\" \/>\n<meta property=\"og:type\" content=\"article\" \/>\n<meta property=\"og:title\" content=\"GAC2100 GRAY - Agriprecisione.it\" \/>\n<meta property=\"og:description\" content=\"Il GAC2100GI, di colore grigio, \u00e8 anche un tester di umidit\u00e0 non-NTEP che verifica l&#039;umidit\u00e0 in 16 tipi di grano standard, con la stessa precisione del GAC2100B ma ad un prezzo pi\u00f9 vantaggioso.\" \/>\n<meta property=\"og:url\" content=\"https:\/\/www.agriprecisione.it\/en\/prodotti\/dickey-john-italia\/misuratore-umidita-per-cereali-2\/misuratore-di-umidita-dickey-john-gac2100gi\/\" \/>\n<meta property=\"og:site_name\" content=\"Agriprecisione.it\" \/>\n<meta property=\"article:modified_time\" content=\"2023-06-08T14:06:21+00:00\" \/>\n<meta property=\"og:image\" content=\"http:\/\/www.agriprecisione.it\/wp-content\/uploads\/2018\/07\/an_mt_GAC2100GI-287x300.jpg\" \/>\n<meta name=\"twitter:card\" content=\"summary_large_image\" \/>\n<script type=\"application\/ld+json\" class=\"yoast-schema-graph\">{\"@context\":\"https:\/\/schema.org\",\"@graph\":[{\"@type\":\"WebPage\",\"@id\":\"https:\/\/www.agriprecisione.it\/prodotti\/dickey-john-italia\/misuratore-umidita-per-cereali-2\/misuratore-di-umidita-dickey-john-gac2100gi\/\",\"url\":\"https:\/\/www.agriprecisione.it\/prodotti\/dickey-john-italia\/misuratore-umidita-per-cereali-2\/misuratore-di-umidita-dickey-john-gac2100gi\/\",\"name\":\"GAC2100 GRAY - Agriprecisione.it\",\"isPartOf\":{\"@id\":\"https:\/\/www.agriprecisione.it\/#website\"},\"datePublished\":\"2018-07-09T15:33:24+00:00\",\"dateModified\":\"2023-06-08T14:06:21+00:00\",\"description\":\"Il GAC2100GI, di colore grigio, \u00e8 anche un tester di umidit\u00e0 non-NTEP che verifica l'umidit\u00e0 in 16 tipi di grano standard, con la stessa precisione del GAC2100B ma ad un prezzo pi\u00f9 vantaggioso.\",\"breadcrumb\":{\"@id\":\"https:\/\/www.agriprecisione.it\/prodotti\/dickey-john-italia\/misuratore-umidita-per-cereali-2\/misuratore-di-umidita-dickey-john-gac2100gi\/#breadcrumb\"},\"inLanguage\":\"en-US\",\"potentialAction\":[{\"@type\":\"ReadAction\",\"target\":[\"https:\/\/www.agriprecisione.it\/prodotti\/dickey-john-italia\/misuratore-umidita-per-cereali-2\/misuratore-di-umidita-dickey-john-gac2100gi\/\"]}]},{\"@type\":\"BreadcrumbList\",\"@id\":\"https:\/\/www.agriprecisione.it\/prodotti\/dickey-john-italia\/misuratore-umidita-per-cereali-2\/misuratore-di-umidita-dickey-john-gac2100gi\/#breadcrumb\",\"itemListElement\":[{\"@type\":\"ListItem\",\"position\":1,\"name\":\"Home\",\"item\":\"https:\/\/www.agriprecisione.it\/\"},{\"@type\":\"ListItem\",\"position\":2,\"name\":\"Prodotti\",\"item\":\"https:\/\/www.agriprecisione.it\/prodotti\/\"},{\"@type\":\"ListItem\",\"position\":3,\"name\":\"DICKEY John\",\"item\":\"https:\/\/www.agriprecisione.it\/prodotti\/dickey-john-italia\/\"},{\"@type\":\"ListItem\",\"position\":4,\"name\":\"Misuratore di umidit\u00e0 per cereali\",\"item\":\"https:\/\/www.agriprecisione.it\/prodotti\/dickey-john-italia\/misuratore-umidita-per-cereali-2\/\"},{\"@type\":\"ListItem\",\"position\":5,\"name\":\"GAC2100 GRAY\"}]},{\"@type\":\"WebSite\",\"@id\":\"https:\/\/www.agriprecisione.it\/#website\",\"url\":\"https:\/\/www.agriprecisione.it\/\",\"name\":\"Agriprecisione.it\",\"description\":\"\",\"potentialAction\":[{\"@type\":\"SearchAction\",\"target\":{\"@type\":\"EntryPoint\",\"urlTemplate\":\"https:\/\/www.agriprecisione.it\/?s={search_term_string}\"},\"query-input\":\"required name=search_term_string\"}],\"inLanguage\":\"en-US\"}]}<\/script>\n<!-- \/ Yoast SEO plugin. -->","yoast_head_json":{"title":"GAC2100 GRAY - Agriprecisione.it","description":"Il GAC2100GI, di colore grigio, \u00e8 anche un tester di umidit\u00e0 non-NTEP che verifica l'umidit\u00e0 in 16 tipi di grano standard, con la stessa precisione del GAC2100B ma ad un prezzo pi\u00f9 vantaggioso.","robots":{"index":"index","follow":"follow","max-snippet":"max-snippet:-1","max-image-preview":"max-image-preview:large","max-video-preview":"max-video-preview:-1"},"canonical":"https:\/\/www.agriprecisione.it\/en\/prodotti\/dickey-john-italia\/misuratore-umidita-per-cereali-2\/misuratore-di-umidita-dickey-john-gac2100gi\/","og_locale":"en_US","og_type":"article","og_title":"GAC2100 GRAY - Agriprecisione.it","og_description":"Il GAC2100GI, di colore grigio, \u00e8 anche un tester di umidit\u00e0 non-NTEP che verifica l'umidit\u00e0 in 16 tipi di grano standard, con la stessa precisione del GAC2100B ma ad un prezzo pi\u00f9 vantaggioso.","og_url":"https:\/\/www.agriprecisione.it\/en\/prodotti\/dickey-john-italia\/misuratore-umidita-per-cereali-2\/misuratore-di-umidita-dickey-john-gac2100gi\/","og_site_name":"Agriprecisione.it","article_modified_time":"2023-06-08T14:06:21+00:00","og_image":[{"url":"http:\/\/www.agriprecisione.it\/wp-content\/uploads\/2018\/07\/an_mt_GAC2100GI-287x300.jpg"}],"twitter_card":"summary_large_image","schema":{"@context":"https:\/\/schema.org","@graph":[{"@type":"WebPage","@id":"https:\/\/www.agriprecisione.it\/prodotti\/dickey-john-italia\/misuratore-umidita-per-cereali-2\/misuratore-di-umidita-dickey-john-gac2100gi\/","url":"https:\/\/www.agriprecisione.it\/prodotti\/dickey-john-italia\/misuratore-umidita-per-cereali-2\/misuratore-di-umidita-dickey-john-gac2100gi\/","name":"GAC2100 GRAY - Agriprecisione.it","isPartOf":{"@id":"https:\/\/www.agriprecisione.it\/#website"},"datePublished":"2018-07-09T15:33:24+00:00","dateModified":"2023-06-08T14:06:21+00:00","description":"Il GAC2100GI, di colore grigio, \u00e8 anche un tester di umidit\u00e0 non-NTEP che verifica l'umidit\u00e0 in 16 tipi di grano standard, con la stessa precisione del GAC2100B ma ad un prezzo pi\u00f9 vantaggioso.","breadcrumb":{"@id":"https:\/\/www.agriprecisione.it\/prodotti\/dickey-john-italia\/misuratore-umidita-per-cereali-2\/misuratore-di-umidita-dickey-john-gac2100gi\/#breadcrumb"},"inLanguage":"en-US","potentialAction":[{"@type":"ReadAction","target":["https:\/\/www.agriprecisione.it\/prodotti\/dickey-john-italia\/misuratore-umidita-per-cereali-2\/misuratore-di-umidita-dickey-john-gac2100gi\/"]}]},{"@type":"BreadcrumbList","@id":"https:\/\/www.agriprecisione.it\/prodotti\/dickey-john-italia\/misuratore-umidita-per-cereali-2\/misuratore-di-umidita-dickey-john-gac2100gi\/#breadcrumb","itemListElement":[{"@type":"ListItem","position":1,"name":"Home","item":"https:\/\/www.agriprecisione.it\/"},{"@type":"ListItem","position":2,"name":"Prodotti","item":"https:\/\/www.agriprecisione.it\/prodotti\/"},{"@type":"ListItem","position":3,"name":"DICKEY John","item":"https:\/\/www.agriprecisione.it\/prodotti\/dickey-john-italia\/"},{"@type":"ListItem","position":4,"name":"Misuratore di umidit\u00e0 per cereali","item":"https:\/\/www.agriprecisione.it\/prodotti\/dickey-john-italia\/misuratore-umidita-per-cereali-2\/"},{"@type":"ListItem","position":5,"name":"GAC2100 GRAY"}]},{"@type":"WebSite","@id":"https:\/\/www.agriprecisione.it\/#website","url":"https:\/\/www.agriprecisione.it\/","name":"Agriprecisione.it","description":"","potentialAction":[{"@type":"SearchAction","target":{"@type":"EntryPoint","urlTemplate":"https:\/\/www.agriprecisione.it\/?s={search_term_string}"},"query-input":"required name=search_term_string"}],"inLanguage":"en-US"}]}},"_links":{"self":[{"href":"https:\/\/www.agriprecisione.it\/en\/wp-json\/wp\/v2\/pages\/1103"}],"collection":[{"href":"https:\/\/www.agriprecisione.it\/en\/wp-json\/wp\/v2\/pages"}],"about":[{"href":"https:\/\/www.agriprecisione.it\/en\/wp-json\/wp\/v2\/types\/page"}],"author":[{"embeddable":true,"href":"https:\/\/www.agriprecisione.it\/en\/wp-json\/wp\/v2\/users\/3"}],"replies":[{"embeddable":true,"href":"https:\/\/www.agriprecisione.it\/en\/wp-json\/wp\/v2\/comments?post=1103"}],"version-history":[{"count":0,"href":"https:\/\/www.agriprecisione.it\/en\/wp-json\/wp\/v2\/pages\/1103\/revisions"}],"up":[{"embeddable":true,"href":"https:\/\/www.agriprecisione.it\/en\/wp-json\/wp\/v2\/pages\/749"}],"wp:attachment":[{"href":"https:\/\/www.agriprecisione.it\/en\/wp-json\/wp\/v2\/media?parent=1103"}],"curies":[{"name":"wp","href":"https:\/\/api.w.org\/{rel}","templated":true}]}}