{"id":1167,"date":"2018-07-17T09:31:17","date_gmt":"2018-07-17T07:31:17","guid":{"rendered":"http:\/\/www.agriprecisione.it\/?page_id=1167"},"modified":"2018-08-21T12:07:13","modified_gmt":"2018-08-21T10:07:13","slug":"sensore-di-blocco-vigilense","status":"publish","type":"page","link":"https:\/\/www.agriprecisione.it\/en\/sensore-di-blocco-vigilense\/","title":{"rendered":"<p>Vigilense grain seeds sensor<\/p>"},"content":{"rendered":"<p><strong><span lang=\"it\">The most accurate blocking sensor on the market.<\/span><\/strong><p><a href=\"http:\/\/www.agriprecisione.it\/wp-content\/uploads\/2018\/07\/Vigilense-seed-sensor-cmyk.jpg\" rel=\"lightbox[1167]\"><img decoding=\"async\" loading=\"lazy\" src=\"http:\/\/www.agriprecisione.it\/wp-content\/uploads\/2018\/07\/Vigilense-seed-sensor-cmyk-300x245.jpg\" alt=\"\" class=\"alignnone wp-image-1176 size-medium\" width=\"300\" height=\"245\" srcset=\"https:\/\/www.agriprecisione.it\/wp-content\/uploads\/2018\/07\/Vigilense-seed-sensor-cmyk-300x245.jpg 300w, https:\/\/www.agriprecisione.it\/wp-content\/uploads\/2018\/07\/Vigilense-seed-sensor-cmyk-768x628.jpg 768w, https:\/\/www.agriprecisione.it\/wp-content\/uploads\/2018\/07\/Vigilense-seed-sensor-cmyk-600x491.jpg 600w, https:\/\/www.agriprecisione.it\/wp-content\/uploads\/2018\/07\/Vigilense-seed-sensor-cmyk.jpg 1584w\" sizes=\"(max-width: 300px) 100vw, 300px\"><\/a><\/p><ul>\n<li><span lang=\"it\">It detects from the smallest canola seed up to the largest granular fertilizer<\/span><\/li>\n<li><span lang=\"it\">Detects the predetermined block percentage level, not just \"sliding\" or \"locked\"<\/span><\/li>\n<li><span lang=\"it\">Configurations of 1 \", 1 1\/4\" and 1 3\/4 \"hoses (internal diameter)<\/span><\/li>\n<\/ul><\/p>","protected":false},"excerpt":{"rendered":"<p>Il pi&ugrave; preciso sensore di blocco sul mercato. Rileva dal pi&ugrave; piccolo seme di canola fino al pi&ugrave; grande concime granulare Rileva il livello percentuale di blocco predeterminato, non solo &ldquo;scorrevole&rdquo; o &ldquo;bloccato&rdquo; Configurazioni di tubi flessibili da 1 &ldquo;, 1 1\/4&rdquo; e 1 3\/4 &ldquo;(diametro interno)<\/p>","protected":false},"author":3,"featured_media":0,"parent":0,"menu_order":0,"comment_status":"closed","ping_status":"closed","template":"","meta":{"footnotes":""},"yoast_head":"<!-- This site is optimized with the Yoast SEO plugin v21.3 - https:\/\/yoast.com\/wordpress\/plugins\/seo\/ -->\n<title>Sensore semi cereali Vigilense - Agriprecisione.it<\/title>\n<meta name=\"robots\" content=\"index, follow, max-snippet:-1, max-image-preview:large, max-video-preview:-1\" \/>\n<link rel=\"canonical\" href=\"https:\/\/www.agriprecisione.it\/en\/sensore-di-blocco-vigilense\/\" \/>\n<meta property=\"og:locale\" content=\"en_US\" \/>\n<meta property=\"og:type\" content=\"article\" \/>\n<meta property=\"og:title\" content=\"Sensore semi cereali Vigilense - Agriprecisione.it\" \/>\n<meta property=\"og:description\" content=\"Il pi\u00f9 preciso sensore di blocco sul mercato. Rileva dal pi\u00f9 piccolo seme di canola fino al pi\u00f9 grande concime granulare Rileva il livello percentuale di blocco predeterminato, non solo &#8220;scorrevole&#8221; o &#8220;bloccato&#8221; Configurazioni di tubi flessibili da 1 &#8220;, 1 1\/4&#8221; e 1 3\/4 &#8220;(diametro interno)\" \/>\n<meta property=\"og:url\" content=\"https:\/\/www.agriprecisione.it\/en\/sensore-di-blocco-vigilense\/\" \/>\n<meta property=\"og:site_name\" content=\"Agriprecisione.it\" \/>\n<meta property=\"article:modified_time\" content=\"2018-08-21T10:07:13+00:00\" \/>\n<meta property=\"og:image\" content=\"http:\/\/www.agriprecisione.it\/wp-content\/uploads\/2018\/07\/Vigilense-seed-sensor-cmyk-300x245.jpg\" \/>\n<meta name=\"twitter:card\" content=\"summary_large_image\" \/>\n<script type=\"application\/ld+json\" class=\"yoast-schema-graph\">{\"@context\":\"https:\/\/schema.org\",\"@graph\":[{\"@type\":\"WebPage\",\"@id\":\"https:\/\/www.agriprecisione.it\/sensore-di-blocco-vigilense\/\",\"url\":\"https:\/\/www.agriprecisione.it\/sensore-di-blocco-vigilense\/\",\"name\":\"Sensore semi cereali Vigilense - Agriprecisione.it\",\"isPartOf\":{\"@id\":\"https:\/\/www.agriprecisione.it\/#website\"},\"datePublished\":\"2018-07-17T07:31:17+00:00\",\"dateModified\":\"2018-08-21T10:07:13+00:00\",\"breadcrumb\":{\"@id\":\"https:\/\/www.agriprecisione.it\/sensore-di-blocco-vigilense\/#breadcrumb\"},\"inLanguage\":\"en-US\",\"potentialAction\":[{\"@type\":\"ReadAction\",\"target\":[\"https:\/\/www.agriprecisione.it\/sensore-di-blocco-vigilense\/\"]}]},{\"@type\":\"BreadcrumbList\",\"@id\":\"https:\/\/www.agriprecisione.it\/sensore-di-blocco-vigilense\/#breadcrumb\",\"itemListElement\":[{\"@type\":\"ListItem\",\"position\":1,\"name\":\"Home\",\"item\":\"https:\/\/www.agriprecisione.it\/\"},{\"@type\":\"ListItem\",\"position\":2,\"name\":\"Sensore semi cereali Vigilense\"}]},{\"@type\":\"WebSite\",\"@id\":\"https:\/\/www.agriprecisione.it\/#website\",\"url\":\"https:\/\/www.agriprecisione.it\/\",\"name\":\"Agriprecisione.it\",\"description\":\"\",\"potentialAction\":[{\"@type\":\"SearchAction\",\"target\":{\"@type\":\"EntryPoint\",\"urlTemplate\":\"https:\/\/www.agriprecisione.it\/?s={search_term_string}\"},\"query-input\":\"required name=search_term_string\"}],\"inLanguage\":\"en-US\"}]}<\/script>\n<!-- \/ Yoast SEO plugin. -->","yoast_head_json":{"title":"Sensore semi cereali Vigilense - Agriprecisione.it","robots":{"index":"index","follow":"follow","max-snippet":"max-snippet:-1","max-image-preview":"max-image-preview:large","max-video-preview":"max-video-preview:-1"},"canonical":"https:\/\/www.agriprecisione.it\/en\/sensore-di-blocco-vigilense\/","og_locale":"en_US","og_type":"article","og_title":"Sensore semi cereali Vigilense - Agriprecisione.it","og_description":"Il pi\u00f9 preciso sensore di blocco sul mercato. Rileva dal pi\u00f9 piccolo seme di canola fino al pi\u00f9 grande concime granulare Rileva il livello percentuale di blocco predeterminato, non solo &#8220;scorrevole&#8221; o &#8220;bloccato&#8221; Configurazioni di tubi flessibili da 1 &#8220;, 1 1\/4&#8221; e 1 3\/4 &#8220;(diametro interno)","og_url":"https:\/\/www.agriprecisione.it\/en\/sensore-di-blocco-vigilense\/","og_site_name":"Agriprecisione.it","article_modified_time":"2018-08-21T10:07:13+00:00","og_image":[{"url":"http:\/\/www.agriprecisione.it\/wp-content\/uploads\/2018\/07\/Vigilense-seed-sensor-cmyk-300x245.jpg"}],"twitter_card":"summary_large_image","schema":{"@context":"https:\/\/schema.org","@graph":[{"@type":"WebPage","@id":"https:\/\/www.agriprecisione.it\/sensore-di-blocco-vigilense\/","url":"https:\/\/www.agriprecisione.it\/sensore-di-blocco-vigilense\/","name":"Sensore semi cereali Vigilense - Agriprecisione.it","isPartOf":{"@id":"https:\/\/www.agriprecisione.it\/#website"},"datePublished":"2018-07-17T07:31:17+00:00","dateModified":"2018-08-21T10:07:13+00:00","breadcrumb":{"@id":"https:\/\/www.agriprecisione.it\/sensore-di-blocco-vigilense\/#breadcrumb"},"inLanguage":"en-US","potentialAction":[{"@type":"ReadAction","target":["https:\/\/www.agriprecisione.it\/sensore-di-blocco-vigilense\/"]}]},{"@type":"BreadcrumbList","@id":"https:\/\/www.agriprecisione.it\/sensore-di-blocco-vigilense\/#breadcrumb","itemListElement":[{"@type":"ListItem","position":1,"name":"Home","item":"https:\/\/www.agriprecisione.it\/"},{"@type":"ListItem","position":2,"name":"Sensore semi cereali Vigilense"}]},{"@type":"WebSite","@id":"https:\/\/www.agriprecisione.it\/#website","url":"https:\/\/www.agriprecisione.it\/","name":"Agriprecisione.it","description":"","potentialAction":[{"@type":"SearchAction","target":{"@type":"EntryPoint","urlTemplate":"https:\/\/www.agriprecisione.it\/?s={search_term_string}"},"query-input":"required name=search_term_string"}],"inLanguage":"en-US"}]}},"_links":{"self":[{"href":"https:\/\/www.agriprecisione.it\/en\/wp-json\/wp\/v2\/pages\/1167"}],"collection":[{"href":"https:\/\/www.agriprecisione.it\/en\/wp-json\/wp\/v2\/pages"}],"about":[{"href":"https:\/\/www.agriprecisione.it\/en\/wp-json\/wp\/v2\/types\/page"}],"author":[{"embeddable":true,"href":"https:\/\/www.agriprecisione.it\/en\/wp-json\/wp\/v2\/users\/3"}],"replies":[{"embeddable":true,"href":"https:\/\/www.agriprecisione.it\/en\/wp-json\/wp\/v2\/comments?post=1167"}],"version-history":[{"count":0,"href":"https:\/\/www.agriprecisione.it\/en\/wp-json\/wp\/v2\/pages\/1167\/revisions"}],"wp:attachment":[{"href":"https:\/\/www.agriprecisione.it\/en\/wp-json\/wp\/v2\/media?parent=1167"}],"curies":[{"name":"wp","href":"https:\/\/api.w.org\/{rel}","templated":true}]}}