{"id":1171,"date":"2018-07-17T09:49:54","date_gmt":"2018-07-17T07:49:54","guid":{"rendered":"http:\/\/www.agriprecisione.it\/?page_id=1171"},"modified":"2018-08-21T16:07:06","modified_gmt":"2018-08-21T14:07:06","slug":"radar-iii","status":"publish","type":"page","link":"https:\/\/www.agriprecisione.it\/en\/radar-iii\/","title":{"rendered":"<p>Radar III<\/p>"},"content":{"rendered":"<p><a href=\"http:\/\/www.agriprecisione.it\/wp-content\/uploads\/2018\/07\/pw_gss_Radar_III.jpg\" rel=\"lightbox[1171]\"><img decoding=\"async\" loading=\"lazy\" src=\"http:\/\/www.agriprecisione.it\/wp-content\/uploads\/2018\/07\/pw_gss_Radar_III-300x278.jpg\" alt=\"\" class=\"size-medium wp-image-1181 aligncenter\" width=\"300\" height=\"278\" srcset=\"https:\/\/www.agriprecisione.it\/wp-content\/uploads\/2018\/07\/pw_gss_Radar_III-300x278.jpg 300w, https:\/\/www.agriprecisione.it\/wp-content\/uploads\/2018\/07\/pw_gss_Radar_III.jpg 600w\" sizes=\"(max-width: 300px) 100vw, 300px\"><\/a><p><span lang=\"it\">World-class accuracy in a ground speed sensor High performance Radar III is a simplified and more compact version of our Radar II model, which is the best-selling one. &nbsp;&nbsp;&nbsp;&nbsp;<\/span><\/p><ul>\n<li><span lang=\"it\">Weighs only 450g<br>\n<\/span><\/li>\n<li><span lang=\"it\">4 x 3.4 x 3.1 inches<\/span><\/li>\n<li><span lang=\"it\">High-tech planar matrix to measure the most truthful speed possible<\/span><\/li>\n<li><span lang=\"it\">Displays the terrain surface for accurate detection of feed speed<\/span><\/li>\n<li><span lang=\"it\">Speed \u200b\u200berrors less than or equal to 1-3% after field calibration<\/span><\/li>\n<li><span lang=\"it\">Easy to install<\/span><\/li>\n<li><span lang=\"it\">It can be mounted to view forward or backward from the vehicle<\/span><\/li>\n<\/ul><\/p>","protected":false},"excerpt":{"rendered":"<p>Precisione di livello mondiale in un sensore di velocit&agrave; al suolo Radar III ad alte prestazioni &egrave; una versione semplificata e pi&ugrave; compatta del nostro modello Radar II il quale &egrave; il pi&ugrave; venduto. &nbsp;&nbsp;&nbsp;&nbsp; Pesa soltanto 450g 4 x 3,4 x 3,1 pollici Matrice planare high-tech per la misurazione<a class=\"moretag\" href=\"https:\/\/www.agriprecisione.it\/en\/radar-iii\/\"> Read more<\/a><\/p>","protected":false},"author":3,"featured_media":0,"parent":0,"menu_order":0,"comment_status":"closed","ping_status":"closed","template":"","meta":{"footnotes":""},"yoast_head":"<!-- This site is optimized with the Yoast SEO plugin v21.3 - https:\/\/yoast.com\/wordpress\/plugins\/seo\/ -->\n<title>Radar III - Agriprecisione.it<\/title>\n<meta name=\"description\" content=\"Precisione di livello mondiale in un sensore di velocit\u00e0 al suolo Radar III ad alte prestazioni \u00e8 una versione semplificata e pi\u00f9 compatta del nostro modello Radar II il quale \u00e8 il pi\u00f9 venduto.\" \/>\n<meta name=\"robots\" content=\"index, follow, max-snippet:-1, max-image-preview:large, max-video-preview:-1\" \/>\n<link rel=\"canonical\" href=\"https:\/\/www.agriprecisione.it\/en\/radar-iii\/\" \/>\n<meta property=\"og:locale\" content=\"en_US\" \/>\n<meta property=\"og:type\" content=\"article\" \/>\n<meta property=\"og:title\" content=\"Radar III - Agriprecisione.it\" \/>\n<meta property=\"og:description\" content=\"Precisione di livello mondiale in un sensore di velocit\u00e0 al suolo Radar III ad alte prestazioni \u00e8 una versione semplificata e pi\u00f9 compatta del nostro modello Radar II il quale \u00e8 il pi\u00f9 venduto.\" \/>\n<meta property=\"og:url\" content=\"https:\/\/www.agriprecisione.it\/en\/radar-iii\/\" \/>\n<meta property=\"og:site_name\" content=\"Agriprecisione.it\" \/>\n<meta property=\"article:modified_time\" content=\"2018-08-21T14:07:06+00:00\" \/>\n<meta property=\"og:image\" content=\"http:\/\/www.agriprecisione.it\/wp-content\/uploads\/2018\/07\/pw_gss_Radar_III-300x278.jpg\" \/>\n<meta name=\"twitter:card\" content=\"summary_large_image\" \/>\n<script type=\"application\/ld+json\" class=\"yoast-schema-graph\">{\"@context\":\"https:\/\/schema.org\",\"@graph\":[{\"@type\":\"WebPage\",\"@id\":\"https:\/\/www.agriprecisione.it\/radar-iii\/\",\"url\":\"https:\/\/www.agriprecisione.it\/radar-iii\/\",\"name\":\"Radar III - Agriprecisione.it\",\"isPartOf\":{\"@id\":\"https:\/\/www.agriprecisione.it\/#website\"},\"datePublished\":\"2018-07-17T07:49:54+00:00\",\"dateModified\":\"2018-08-21T14:07:06+00:00\",\"description\":\"Precisione di livello mondiale in un sensore di velocit\u00e0 al suolo Radar III ad alte prestazioni \u00e8 una versione semplificata e pi\u00f9 compatta del nostro modello Radar II il quale \u00e8 il pi\u00f9 venduto.\",\"breadcrumb\":{\"@id\":\"https:\/\/www.agriprecisione.it\/radar-iii\/#breadcrumb\"},\"inLanguage\":\"en-US\",\"potentialAction\":[{\"@type\":\"ReadAction\",\"target\":[\"https:\/\/www.agriprecisione.it\/radar-iii\/\"]}]},{\"@type\":\"BreadcrumbList\",\"@id\":\"https:\/\/www.agriprecisione.it\/radar-iii\/#breadcrumb\",\"itemListElement\":[{\"@type\":\"ListItem\",\"position\":1,\"name\":\"Home\",\"item\":\"https:\/\/www.agriprecisione.it\/\"},{\"@type\":\"ListItem\",\"position\":2,\"name\":\"Radar III\"}]},{\"@type\":\"WebSite\",\"@id\":\"https:\/\/www.agriprecisione.it\/#website\",\"url\":\"https:\/\/www.agriprecisione.it\/\",\"name\":\"Agriprecisione.it\",\"description\":\"\",\"potentialAction\":[{\"@type\":\"SearchAction\",\"target\":{\"@type\":\"EntryPoint\",\"urlTemplate\":\"https:\/\/www.agriprecisione.it\/?s={search_term_string}\"},\"query-input\":\"required name=search_term_string\"}],\"inLanguage\":\"en-US\"}]}<\/script>\n<!-- \/ Yoast SEO plugin. -->","yoast_head_json":{"title":"Radar III - Agriprecisione.it","description":"Precisione di livello mondiale in un sensore di velocit\u00e0 al suolo Radar III ad alte prestazioni \u00e8 una versione semplificata e pi\u00f9 compatta del nostro modello Radar II il quale \u00e8 il pi\u00f9 venduto.","robots":{"index":"index","follow":"follow","max-snippet":"max-snippet:-1","max-image-preview":"max-image-preview:large","max-video-preview":"max-video-preview:-1"},"canonical":"https:\/\/www.agriprecisione.it\/en\/radar-iii\/","og_locale":"en_US","og_type":"article","og_title":"Radar III - Agriprecisione.it","og_description":"Precisione di livello mondiale in un sensore di velocit\u00e0 al suolo Radar III ad alte prestazioni \u00e8 una versione semplificata e pi\u00f9 compatta del nostro modello Radar II il quale \u00e8 il pi\u00f9 venduto.","og_url":"https:\/\/www.agriprecisione.it\/en\/radar-iii\/","og_site_name":"Agriprecisione.it","article_modified_time":"2018-08-21T14:07:06+00:00","og_image":[{"url":"http:\/\/www.agriprecisione.it\/wp-content\/uploads\/2018\/07\/pw_gss_Radar_III-300x278.jpg"}],"twitter_card":"summary_large_image","schema":{"@context":"https:\/\/schema.org","@graph":[{"@type":"WebPage","@id":"https:\/\/www.agriprecisione.it\/radar-iii\/","url":"https:\/\/www.agriprecisione.it\/radar-iii\/","name":"Radar III - Agriprecisione.it","isPartOf":{"@id":"https:\/\/www.agriprecisione.it\/#website"},"datePublished":"2018-07-17T07:49:54+00:00","dateModified":"2018-08-21T14:07:06+00:00","description":"Precisione di livello mondiale in un sensore di velocit\u00e0 al suolo Radar III ad alte prestazioni \u00e8 una versione semplificata e pi\u00f9 compatta del nostro modello Radar II il quale \u00e8 il pi\u00f9 venduto.","breadcrumb":{"@id":"https:\/\/www.agriprecisione.it\/radar-iii\/#breadcrumb"},"inLanguage":"en-US","potentialAction":[{"@type":"ReadAction","target":["https:\/\/www.agriprecisione.it\/radar-iii\/"]}]},{"@type":"BreadcrumbList","@id":"https:\/\/www.agriprecisione.it\/radar-iii\/#breadcrumb","itemListElement":[{"@type":"ListItem","position":1,"name":"Home","item":"https:\/\/www.agriprecisione.it\/"},{"@type":"ListItem","position":2,"name":"Radar III"}]},{"@type":"WebSite","@id":"https:\/\/www.agriprecisione.it\/#website","url":"https:\/\/www.agriprecisione.it\/","name":"Agriprecisione.it","description":"","potentialAction":[{"@type":"SearchAction","target":{"@type":"EntryPoint","urlTemplate":"https:\/\/www.agriprecisione.it\/?s={search_term_string}"},"query-input":"required name=search_term_string"}],"inLanguage":"en-US"}]}},"_links":{"self":[{"href":"https:\/\/www.agriprecisione.it\/en\/wp-json\/wp\/v2\/pages\/1171"}],"collection":[{"href":"https:\/\/www.agriprecisione.it\/en\/wp-json\/wp\/v2\/pages"}],"about":[{"href":"https:\/\/www.agriprecisione.it\/en\/wp-json\/wp\/v2\/types\/page"}],"author":[{"embeddable":true,"href":"https:\/\/www.agriprecisione.it\/en\/wp-json\/wp\/v2\/users\/3"}],"replies":[{"embeddable":true,"href":"https:\/\/www.agriprecisione.it\/en\/wp-json\/wp\/v2\/comments?post=1171"}],"version-history":[{"count":0,"href":"https:\/\/www.agriprecisione.it\/en\/wp-json\/wp\/v2\/pages\/1171\/revisions"}],"wp:attachment":[{"href":"https:\/\/www.agriprecisione.it\/en\/wp-json\/wp\/v2\/media?parent=1171"}],"curies":[{"name":"wp","href":"https:\/\/api.w.org\/{rel}","templated":true}]}}