{"id":4366,"date":"2021-11-10T17:33:31","date_gmt":"2021-11-10T15:33:31","guid":{"rendered":"http:\/\/www.agriprecisione.it\/?page_id=4366"},"modified":"2023-06-08T16:37:39","modified_gmt":"2023-06-08T14:37:39","slug":"concimatrice-di-precisione-a-controllo-elettronico-cp","status":"publish","type":"page","link":"https:\/\/www.agriprecisione.it\/en\/prodotti\/concimatrice-di-precisione-a-controllo-elettronico-cp\/","title":{"rendered":"<p>Concimatrice di Precisione a controllo elettronico CP ?Claudio Pontremolesi? in tecnologia 4.0<\/p>"},"content":{"rendered":"<p style=\"text-align: center;\"><strong>Concimatore a distribuzione localizzata superficiale o ad interramento, mosso dall?impianto idraulico della trattrice e controllato a dose fissa oppure a dosi variabili per Viticoltura di precisione<\/strong><p><img decoding=\"async\" src=\"http:\/\/www.agriprecisione.it\/wp-content\/uploads\/2021\/11\/1.jpg\"><br>\n<em><strong style=\"font-size: small;\">&nbsp;CP 180 al lavoro<\/strong><\/em><\/p><p>&nbsp;<\/p><div id=\"attachment_202\" style=\"width: 310px\" class=\"wp-caption alignleft\"><a href=\"http:\/\/www.agriprecisione.it\/wp-content\/uploads\/2021\/11\/DSCF7308\"><img aria-describedby=\"caption-attachment-202\" decoding=\"async\" loading=\"lazy\" class=\"size-medium wp-image-202\" title=\"spandiconcime-01\" src=\"http:\/\/www.agriprecisione.it\/wp-content\/uploads\/2021\/11\/DSCF7308.jpg\" alt=\"Spandiconcime a rateo variabile\" width=\"300\" height=\"225\"><\/a><p id=\"caption-attachment-202\" class=\"wp-caption-text\"><span style=\"font-size: small;\"><em>La consolle CSS 220 dove programmare la dose di concime da distribuire<\/em><\/span><\/p><\/div><p>La<span>&nbsp;<\/span><b>Spandiconcime CP<\/b><span>&nbsp;<\/span>&egrave; una macchina adatta alla fertilizzazione di vigneti in regime di proporzionalit&agrave; alla velocit&agrave; di avanzamento ed eventualmente di rateo variabile.<\/p><p>La costanza di distribuzione della dose inserita &egrave; garantita da un sistema automatico di controllo della erogazione del concime.<\/p><p>&nbsp;<\/p><p>&nbsp;<\/p><p>&nbsp;<\/p><div id=\"attachment_203\" style=\"width: 310px\" class=\"wp-caption alignright\"><a href=\"http:\/\/www.agriprecisione.it\/wp-content\/uploads\/2021\/11\/20211101_103423.jpg\" rel=\"lightbox[4366]\"><img aria-describedby=\"caption-attachment-203\" decoding=\"async\" loading=\"lazy\" class=\"wp-image-203 size-medium\" title=\"spandiconcime-02\" src=\"http:\/\/www.agriprecisione.it\/wp-content\/uploads\/2021\/11\/20211101_103423.jpg\" alt=\"Spandiconcime a rateo variabile della ditta Spezia Srl\" width=\"300\" height=\"225\"><\/a><p id=\"caption-attachment-203\" class=\"wp-caption-text\"><span style=\"font-size: small;\"><em>Il precisissimo contagiri<\/em><\/span><\/p><\/div><p>Il concime (che deve presentarsi in forma di granuli o pellets) attraverso dei distributori rotativi ove in ogni cella viene caricata una ben identificata quantit&agrave; di concime. Una velocit&agrave; di rotazione controllata di questi distributori porta ad una erogazione in flusso istantanea corretta indipendente dalla velocit&agrave; del trattore come dalla quantit&agrave; di concime presente nella tramoggia. Il contagiri elettronico permette un monitor istantaneo di ci&ograve; che sta erogando la macchina.<\/p><p>La alimentazione idraulica deve arrivare dal trattore con un flusso idraulico costante di almeno 20 l\/min.<br>\nConoscendo la dose desiderata in Kg\/ha e la larghezza di lavoro (dati immessi dall?operatore), la velocit&agrave; di avanzamento e la velocit&agrave; di rotazione dei distributori (rilevate dai sensori) nonch&eacute; la quantit&agrave; di concime erogata ad ogni giro dai distributori (ricavata tramite la procedura di taratura), l?elettronica di bordo invia alla elettrovalvola proporzionale la tensione corretta per regolare la rotazione dei distributori in modo da erogare la quantit&agrave; di concime desiderata. L?uso della macchina &egrave; semplicissimo ed &egrave; affidato ad una manopola con levetta a tre posizioni.<\/p><div id=\"attachment_203\" style=\"width: 310px\" class=\"wp-caption alignleft\"><a href=\"http:\/\/www.agriprecisione.it\/wp-content\/uploads\/2021\/11\/20211101_103210.jpg\" rel=\"lightbox[4366]\"><img aria-describedby=\"caption-attachment-203\" decoding=\"async\" loading=\"lazy\" class=\"wp-image-203 size-medium\" title=\"spandiconcime-02\" src=\"http:\/\/www.agriprecisione.it\/wp-content\/uploads\/2021\/11\/20211101_103210.jpg\" alt=\"Spandiconcime a rateo variabile della ditta Spezia Srl\" width=\"300\" height=\"225\"><\/a><p id=\"caption-attachment-203\" class=\"wp-caption-text\"><span style=\"font-size: small;\"><em>Tutto ci&ograve; che serve al trattorista per usare questa macchina<\/em><\/span><\/p><\/div><p>L?operatore pu&ograve; a suo piacimento aumentare o diminuire la quantit&agrave; prescritta mentre il concimatore &egrave; in funzione semplicemente premendo i tasti + o ? presenti sulla consolle di controllo.<\/p><p>&nbsp;<\/p><p>&nbsp;<\/p><p>&nbsp;<\/p><p>&nbsp;<\/p><p>&nbsp;<\/p><p>&nbsp;<\/p><p>&nbsp;<\/p><p>&nbsp;<\/p><p>&nbsp;<\/p><p><strong>TECNOLOGIA 4.0<\/strong><br>\n<span>Il concimatore pu&ograve; essere dotato del modulo 4.0 che consente di inviare le dosi di concime direttamente dal sistema informatico aziendale, ricevere report del lavoro effettivamente svolto, tracciato del percorso e tempi di lavoro. A questo si aggiunge il servizio di telediagnostica in remoto.<\/span><\/p><p><a href=\"http:\/\/www.agriprecisione.it\/wp-content\/uploads\/2021\/11\/20211105_101647.jpg\" rel=\"lightbox[4366]\"><img decoding=\"async\" loading=\"lazy\" src=\"http:\/\/www.agriprecisione.it\/wp-content\/uploads\/2021\/11\/20211105_101647-600x450.jpg\" alt=\"\" width=\"600\" height=\"450\" class=\"aligncenter size-large wp-image-4371\" srcset=\"https:\/\/www.agriprecisione.it\/wp-content\/uploads\/2021\/11\/20211105_101647-600x450.jpg 600w, https:\/\/www.agriprecisione.it\/wp-content\/uploads\/2021\/11\/20211105_101647-300x225.jpg 300w, https:\/\/www.agriprecisione.it\/wp-content\/uploads\/2021\/11\/20211105_101647-768x576.jpg 768w\" sizes=\"(max-width: 600px) 100vw, 600px\"><\/a><\/p><p><strong>USO A DOSI VARIABILI ? VRT<\/strong><br>\n<span>Questo principio si fonda sui dettami della agricoltura di precisione, secondo la quale un appezzamento non viene ad essere trattato in maniera uniforme ma in base alla necessit&agrave; specifica che pu&ograve; essere rilevata in varie porzioni dell?appezzamento medesimo.<\/span><br>\n<span>Lo spandiconcime &egrave; quindi predisposto per avere come optional un sistema di controllo che durante le fasi di lavoro confronta la propria posizione geografica con quella presente in mappa di prescrizione e comunica la dose istantanea da applicare al controller di bordo.<\/span><\/p><p><a href=\"http:\/\/www.agriprecisione.it\/wp-content\/uploads\/2021\/11\/Opus1.jpg\" rel=\"lightbox[4366]\"><img decoding=\"async\" loading=\"lazy\" src=\"http:\/\/www.agriprecisione.it\/wp-content\/uploads\/2021\/11\/Opus1-600x394.jpg\" alt=\"\" width=\"600\" height=\"394\" class=\"aligncenter size-large wp-image-4379\" srcset=\"https:\/\/www.agriprecisione.it\/wp-content\/uploads\/2021\/11\/Opus1-600x394.jpg 600w, https:\/\/www.agriprecisione.it\/wp-content\/uploads\/2021\/11\/Opus1-300x197.jpg 300w, https:\/\/www.agriprecisione.it\/wp-content\/uploads\/2021\/11\/Opus1-768x504.jpg 768w, https:\/\/www.agriprecisione.it\/wp-content\/uploads\/2021\/11\/Opus1.jpg 1200w\" sizes=\"(max-width: 600px) 100vw, 600px\"><\/a><\/p><p style=\"text-align: center;\"><b><span style=\"font-size: small;\">La consolle opzionale su cui caricare le mappe di prescrizione del concime da distribuire<\/span><\/b><\/p><p><span>Se il trattore fosse dotato di Tecnologia ISOBUS si possono montare le specifiche elettroniche della ditta DICKEY-john.<\/span><\/p><table style=\"width: 100%\">\n<tbody>\n<tr>\n<td style=\"background-color: red;font-weight: bold;color: white\" colspan=\"6\">MISURE DISPONIBILI<\/td>\n<\/tr>\n<tr>\n<td><b>MODELLO<\/b><\/td>\n<td><b>CP125<\/b><\/td>\n<td><b>CP150<\/b><\/td>\n<td><b>CP180<\/b><\/td>\n<\/tr>\n<tr>\n<td>DISTANZA ASSOLCATORI cm.<\/td>\n<td>120\/138<\/td>\n<td>145\/163<\/td>\n<td>175\/193<\/td>\n<\/tr>\n<tr>\n<td>MASSA Kg<\/td>\n<td>130<\/td>\n<td>150<\/td>\n<td>180<\/td>\n<\/tr>\n<tr>\n<td>PRESSIONE ESERCIZIO bar<\/td>\n<td>100<\/td>\n<td>100<\/td>\n<td>100<\/td>\n<\/tr>\n<tr>\n<td colspan=\"6\"><strong>DIMENSIONI:<\/strong><\/td>\n<\/tr>\n<tr>\n<td>ALTEZZA cm<\/td>\n<td>173<\/td>\n<td>173<\/td>\n<td>173<\/td>\n<\/tr>\n<tr>\n<td>LARGHEZZA cm<\/td>\n<td>158\/176<\/td>\n<td>183\/201<\/td>\n<td>213\/231<\/td>\n<\/tr>\n<tr>\n<td>LUNGHEZZA cm<\/td>\n<td>135<\/td>\n<td>135<\/td>\n<td>135<\/td>\n<\/tr>\n<tr>\n<td>CAPIENZA SERBATOIO litri<\/td>\n<td>680<\/td>\n<td>820<\/td>\n<td>980<\/td>\n<\/tr>\n<\/tbody>\n<\/table><p>&nbsp;<\/p><p><iframe loading=\"lazy\" width=\"560\" height=\"315\" src=\"https:\/\/www.youtube.com\/embed\/vJFoiFFrFVQ?rel=0\" title=\"YouTube video player\" frameborder=\"0\" allow=\"accelerometer; autoplay; clipboard-write; encrypted-media; gyroscope; picture-in-picture\" allowfullscreen><\/iframe><\/p><p><\/p><p><a href=\"https:\/\/www.agriprecisione.it\/wp-content\/uploads\/2023\/06\/Concimatore.pdf\" target=\"_blank\" rel=\"noopener\">Depliant<\/a> <\/p><p><a title=\"Contatta la ditta Spezia Srl\" href=\"https:\/\/www.agriprecisione.it\/en\/contatti\/\" target=\"_blank\" rel=\"noopener noreferrer\">Contact us for more informations about this product<\/a><\/p><\/p>","protected":false},"excerpt":{"rendered":"<p>Concimatore a distribuzione localizzata superficiale o ad interramento, mosso dall?impianto idraulico della trattrice e controllato a dose fissa oppure a dosi variabili per Viticoltura di precisione &nbsp;CP 180 al lavoro &nbsp; La&nbsp;Spandiconcime CP&nbsp;&egrave; una macchina adatta alla fertilizzazione di vigneti in regime di proporzionalit&agrave; alla velocit&agrave; di avanzamento ed eventualmente<a class=\"moretag\" href=\"https:\/\/www.agriprecisione.it\/en\/prodotti\/concimatrice-di-precisione-a-controllo-elettronico-cp\/\"> Read more<\/a><\/p>","protected":false},"author":3,"featured_media":0,"parent":7,"menu_order":0,"comment_status":"closed","ping_status":"closed","template":"","meta":{"footnotes":""},"yoast_head":"<!-- This site is optimized with the Yoast SEO plugin v21.3 - https:\/\/yoast.com\/wordpress\/plugins\/seo\/ -->\n<title>Concimatrice di Precisione a controllo elettronico CP \u201cClaudio Pontremolesi\u201d in tecnologia 4.0 - Agriprecisione.it<\/title>\n<meta name=\"robots\" content=\"index, follow, max-snippet:-1, max-image-preview:large, max-video-preview:-1\" \/>\n<link rel=\"canonical\" href=\"https:\/\/www.agriprecisione.it\/en\/prodotti\/concimatrice-di-precisione-a-controllo-elettronico-cp\/\" \/>\n<meta property=\"og:locale\" content=\"en_US\" \/>\n<meta property=\"og:type\" content=\"article\" \/>\n<meta property=\"og:title\" content=\"Concimatrice di Precisione a controllo elettronico CP \u201cClaudio Pontremolesi\u201d in tecnologia 4.0 - Agriprecisione.it\" \/>\n<meta property=\"og:description\" content=\"Concimatore a distribuzione localizzata superficiale o ad interramento, mosso dall\u2019impianto idraulico della trattrice e controllato a dose fissa oppure a dosi variabili per Viticoltura di precisione \u00a0CP 180 al lavoro &nbsp; La\u00a0Spandiconcime CP\u00a0\u00e8 una macchina adatta alla fertilizzazione di vigneti in regime di proporzionalit\u00e0 alla velocit\u00e0 di avanzamento ed eventualmente Read more\" \/>\n<meta property=\"og:url\" content=\"https:\/\/www.agriprecisione.it\/en\/prodotti\/concimatrice-di-precisione-a-controllo-elettronico-cp\/\" \/>\n<meta property=\"og:site_name\" content=\"Agriprecisione.it\" \/>\n<meta property=\"article:modified_time\" content=\"2023-06-08T14:37:39+00:00\" \/>\n<meta property=\"og:image\" content=\"http:\/\/www.agriprecisione.it\/wp-content\/uploads\/2021\/11\/1.jpg\" \/>\n<meta name=\"twitter:card\" content=\"summary_large_image\" \/>\n<meta name=\"twitter:label1\" content=\"Est. reading time\" \/>\n\t<meta name=\"twitter:data1\" content=\"3 minutes\" \/>\n<script type=\"application\/ld+json\" class=\"yoast-schema-graph\">{\"@context\":\"https:\/\/schema.org\",\"@graph\":[{\"@type\":\"WebPage\",\"@id\":\"https:\/\/www.agriprecisione.it\/prodotti\/concimatrice-di-precisione-a-controllo-elettronico-cp\/\",\"url\":\"https:\/\/www.agriprecisione.it\/prodotti\/concimatrice-di-precisione-a-controllo-elettronico-cp\/\",\"name\":\"Concimatrice di Precisione a controllo elettronico CP \u201cClaudio Pontremolesi\u201d in tecnologia 4.0 - Agriprecisione.it\",\"isPartOf\":{\"@id\":\"https:\/\/www.agriprecisione.it\/#website\"},\"datePublished\":\"2021-11-10T15:33:31+00:00\",\"dateModified\":\"2023-06-08T14:37:39+00:00\",\"breadcrumb\":{\"@id\":\"https:\/\/www.agriprecisione.it\/prodotti\/concimatrice-di-precisione-a-controllo-elettronico-cp\/#breadcrumb\"},\"inLanguage\":\"en-US\",\"potentialAction\":[{\"@type\":\"ReadAction\",\"target\":[\"https:\/\/www.agriprecisione.it\/prodotti\/concimatrice-di-precisione-a-controllo-elettronico-cp\/\"]}]},{\"@type\":\"BreadcrumbList\",\"@id\":\"https:\/\/www.agriprecisione.it\/prodotti\/concimatrice-di-precisione-a-controllo-elettronico-cp\/#breadcrumb\",\"itemListElement\":[{\"@type\":\"ListItem\",\"position\":1,\"name\":\"Home\",\"item\":\"https:\/\/www.agriprecisione.it\/\"},{\"@type\":\"ListItem\",\"position\":2,\"name\":\"Prodotti\",\"item\":\"https:\/\/www.agriprecisione.it\/prodotti\/\"},{\"@type\":\"ListItem\",\"position\":3,\"name\":\"Concimatrice di Precisione a controllo elettronico CP \u201cClaudio Pontremolesi\u201d in tecnologia 4.0\"}]},{\"@type\":\"WebSite\",\"@id\":\"https:\/\/www.agriprecisione.it\/#website\",\"url\":\"https:\/\/www.agriprecisione.it\/\",\"name\":\"Agriprecisione.it\",\"description\":\"\",\"potentialAction\":[{\"@type\":\"SearchAction\",\"target\":{\"@type\":\"EntryPoint\",\"urlTemplate\":\"https:\/\/www.agriprecisione.it\/?s={search_term_string}\"},\"query-input\":\"required name=search_term_string\"}],\"inLanguage\":\"en-US\"}]}<\/script>\n<!-- \/ Yoast SEO plugin. -->","yoast_head_json":{"title":"Concimatrice di Precisione a controllo elettronico CP \u201cClaudio Pontremolesi\u201d in tecnologia 4.0 - Agriprecisione.it","robots":{"index":"index","follow":"follow","max-snippet":"max-snippet:-1","max-image-preview":"max-image-preview:large","max-video-preview":"max-video-preview:-1"},"canonical":"https:\/\/www.agriprecisione.it\/en\/prodotti\/concimatrice-di-precisione-a-controllo-elettronico-cp\/","og_locale":"en_US","og_type":"article","og_title":"Concimatrice di Precisione a controllo elettronico CP \u201cClaudio Pontremolesi\u201d in tecnologia 4.0 - Agriprecisione.it","og_description":"Concimatore a distribuzione localizzata superficiale o ad interramento, mosso dall\u2019impianto idraulico della trattrice e controllato a dose fissa oppure a dosi variabili per Viticoltura di precisione \u00a0CP 180 al lavoro &nbsp; La\u00a0Spandiconcime CP\u00a0\u00e8 una macchina adatta alla fertilizzazione di vigneti in regime di proporzionalit\u00e0 alla velocit\u00e0 di avanzamento ed eventualmente Read more","og_url":"https:\/\/www.agriprecisione.it\/en\/prodotti\/concimatrice-di-precisione-a-controllo-elettronico-cp\/","og_site_name":"Agriprecisione.it","article_modified_time":"2023-06-08T14:37:39+00:00","og_image":[{"url":"http:\/\/www.agriprecisione.it\/wp-content\/uploads\/2021\/11\/1.jpg"}],"twitter_card":"summary_large_image","twitter_misc":{"Est. reading time":"3 minutes"},"schema":{"@context":"https:\/\/schema.org","@graph":[{"@type":"WebPage","@id":"https:\/\/www.agriprecisione.it\/prodotti\/concimatrice-di-precisione-a-controllo-elettronico-cp\/","url":"https:\/\/www.agriprecisione.it\/prodotti\/concimatrice-di-precisione-a-controllo-elettronico-cp\/","name":"Concimatrice di Precisione a controllo elettronico CP \u201cClaudio Pontremolesi\u201d in tecnologia 4.0 - Agriprecisione.it","isPartOf":{"@id":"https:\/\/www.agriprecisione.it\/#website"},"datePublished":"2021-11-10T15:33:31+00:00","dateModified":"2023-06-08T14:37:39+00:00","breadcrumb":{"@id":"https:\/\/www.agriprecisione.it\/prodotti\/concimatrice-di-precisione-a-controllo-elettronico-cp\/#breadcrumb"},"inLanguage":"en-US","potentialAction":[{"@type":"ReadAction","target":["https:\/\/www.agriprecisione.it\/prodotti\/concimatrice-di-precisione-a-controllo-elettronico-cp\/"]}]},{"@type":"BreadcrumbList","@id":"https:\/\/www.agriprecisione.it\/prodotti\/concimatrice-di-precisione-a-controllo-elettronico-cp\/#breadcrumb","itemListElement":[{"@type":"ListItem","position":1,"name":"Home","item":"https:\/\/www.agriprecisione.it\/"},{"@type":"ListItem","position":2,"name":"Prodotti","item":"https:\/\/www.agriprecisione.it\/prodotti\/"},{"@type":"ListItem","position":3,"name":"Concimatrice di Precisione a controllo elettronico CP \u201cClaudio Pontremolesi\u201d in tecnologia 4.0"}]},{"@type":"WebSite","@id":"https:\/\/www.agriprecisione.it\/#website","url":"https:\/\/www.agriprecisione.it\/","name":"Agriprecisione.it","description":"","potentialAction":[{"@type":"SearchAction","target":{"@type":"EntryPoint","urlTemplate":"https:\/\/www.agriprecisione.it\/?s={search_term_string}"},"query-input":"required name=search_term_string"}],"inLanguage":"en-US"}]}},"_links":{"self":[{"href":"https:\/\/www.agriprecisione.it\/en\/wp-json\/wp\/v2\/pages\/4366"}],"collection":[{"href":"https:\/\/www.agriprecisione.it\/en\/wp-json\/wp\/v2\/pages"}],"about":[{"href":"https:\/\/www.agriprecisione.it\/en\/wp-json\/wp\/v2\/types\/page"}],"author":[{"embeddable":true,"href":"https:\/\/www.agriprecisione.it\/en\/wp-json\/wp\/v2\/users\/3"}],"replies":[{"embeddable":true,"href":"https:\/\/www.agriprecisione.it\/en\/wp-json\/wp\/v2\/comments?post=4366"}],"version-history":[{"count":0,"href":"https:\/\/www.agriprecisione.it\/en\/wp-json\/wp\/v2\/pages\/4366\/revisions"}],"up":[{"embeddable":true,"href":"https:\/\/www.agriprecisione.it\/en\/wp-json\/wp\/v2\/pages\/7"}],"wp:attachment":[{"href":"https:\/\/www.agriprecisione.it\/en\/wp-json\/wp\/v2\/media?parent=4366"}],"curies":[{"name":"wp","href":"https:\/\/api.w.org\/{rel}","templated":true}]}}