{"id":4465,"date":"2023-06-14T20:53:04","date_gmt":"2023-06-14T18:53:04","guid":{"rendered":"https:\/\/www.agriprecisione.it\/?page_id=4465"},"modified":"2023-06-14T20:53:04","modified_gmt":"2023-06-14T18:53:04","slug":"misuratore-umidita-per-cereali","status":"publish","type":"page","link":"https:\/\/www.agriprecisione.it\/en\/prodotti\/dickey-john-italia\/misuratore-umidita-per-cereali\/","title":{"rendered":"<p>Misuratore umidit&agrave; per cereali<\/p>"},"content":{"rendered":"<p class=\" translation-block\"><img class=\"alignleft\" title=\"Dickey-john portable cereal meter\" src=\"http:\/\/www.agriprecisione.it\/wp-content\/uploads\/2009\/10\/cereali-copertina.jpg\" alt=\"\" width=\"200\"> The division <strong> analysis tools <\/strong> of the US company <strong> DICKEY-john <\/strong> is among the most qualified in the world and offers in its range from the small portable instrument to more sophisticated laboratory analyzers available on the market.<p>La <a href=\"http:\/\/www.tecnovict.com\">Spezia srl<\/a> distribuisce per il mercato Italiano gli strumenti per l&rsquo;analisi dei cereali della DICKEY-john, il riferimento mondiale della categoria ed i pi&ugrave; diffusi in tutti i principali centri di ammasso. Tutti questi strumenti usano le medesime curve di taratura rendendo anche i pi&ugrave; semplici ed economici misuratori portatili la cosa pi&ugrave; vicina allo strumento da banco professionale.<\/p><p>Gli strumenti si dividono in <strong>misuratori portatili (miniGac)<\/strong> e <strong>misuratori da banco (Gac500XT &ndash; Gac 2100 &ndash; Gac 2500)<\/strong> hanno nella loro memoria le tarature per i cereali pi&ugrave; comuni ma sono disponibili oltre 450 curve per i pi&ugrave; svariati cereali presenti al mondo, in modo da poter soddisfare qualunque esigenza specifica.<\/p><hr><div style=\"clear: both;\">\n<blockquote>\n<h5 class=\" translation-block\">Get your free quote by filling out this <strong> <a href=\"http:\/\/www.agriprecisione.it\/contatti\/\" target=\"_blank\" rel=\"noopener\"> email form <\/a> <\/strong> and specifying the products you are interested in!<\/h5>\n<\/blockquote>\n<hr>\n<\/div><h6>DICKEY-john cereal measuring informations<\/h6><ul>\n<li><a href=\"http:\/\/www.agriprecisione.it\/en\/prodotti\/dickey-john-italia\/misure-per-cereali\/gac-2100-misuratore-per-cereali\/\" target=\"_blank\" rel=\"noopener\">GAC 2100<\/a><\/li>\n<li><a href=\"http:\/\/www.agriprecisione.it\/en\/prodotti\/dickey-john-italia\/misure-per-cereali\/gac-2100-agri-misuratore-per-cereali-1\/\" target=\"_blank\" rel=\"noopener\">GAC 2100 Agri<\/a><\/li>\n<li><a href=\"http:\/\/www.agriprecisione.it\/en\/prodotti\/dickey-john-italia\/misure-per-cereali\/gac-500-xt-misuratore-per-cereali\/\" target=\"_blank\" rel=\"noopener\">GAC 500 XT<\/a><\/li>\n<li><a href=\"http:\/\/www.agriprecisione.it\/en\/prodotti\/dickey-john-italia\/misure-per-cereali\/gac-2500-ugma-computer-di-analisi-del-grano\/\" target=\"_blank\" rel=\"noopener\">GAC 2500-INTL<\/a><\/li>\n<li><a href=\"http:\/\/www.agriprecisione.it\/en\/prodotti\/dickey-john-italia\/misure-per-cereali\/misuratore-di-umidita-dickey-john-gac2100gi\/\" target=\"_blank\" rel=\"noopener\">GAC 2100 GRAY<\/a><\/li>\n<li><a href=\"http:\/\/www.agriprecisione.it\/en\/prodotti\/dickey-john-italia\/misure-per-cereali\/mini-gac-mini-gac-plus\/\" target=\"_blank\" rel=\"noopener\">Mini GAC, Mini GAC Plus e Mini GAC 2500 BT<\/a><\/li>\n<\/ul><\/p>","protected":false},"excerpt":{"rendered":"<p>La divisone strumenti di analisi della societ&agrave; statunitense DICKEY-john &egrave; tra le pi&ugrave; qualificate al mondo ed offre nella sua gamma dal piccolo strumento portatile ai pi&ugrave; sofisticati analizzatori da laboratorio disponibili sul mercato. La Spezia srl distribuisce per il mercato Italiano gli strumenti per l&rsquo;analisi dei cereali della DICKEY-john,<a class=\"moretag\" href=\"https:\/\/www.agriprecisione.it\/en\/prodotti\/dickey-john-italia\/misuratore-umidita-per-cereali\/\"> Read more<\/a><\/p>","protected":false},"author":3,"featured_media":0,"parent":23,"menu_order":0,"comment_status":"closed","ping_status":"closed","template":"","meta":{"footnotes":""},"yoast_head":"<!-- This site is optimized with the Yoast SEO plugin v21.3 - https:\/\/yoast.com\/wordpress\/plugins\/seo\/ -->\n<title>Misuratore umidit\u00e0 per cereali - Agriprecisione.it<\/title>\n<meta name=\"description\" content=\"La divisone strumenti di analisi della societ\u00e0 statunitense DICKEY-john \u00e8 tra le pi\u00f9 qualificate al mondo ed offre nella sua gamma dal piccolo strumento portatile ai pi\u00f9 sofisticati analizzatori da laboratorio disponibili sul mercato.\" \/>\n<meta name=\"robots\" content=\"index, follow, max-snippet:-1, max-image-preview:large, max-video-preview:-1\" \/>\n<link rel=\"canonical\" href=\"https:\/\/www.agriprecisione.it\/en\/prodotti\/dickey-john-italia\/misuratore-umidita-per-cereali\/\" \/>\n<meta property=\"og:locale\" content=\"en_US\" \/>\n<meta property=\"og:type\" content=\"article\" \/>\n<meta property=\"og:title\" content=\"Misuratore umidit\u00e0 per cereali - Agriprecisione.it\" \/>\n<meta property=\"og:description\" content=\"La divisone strumenti di analisi della societ\u00e0 statunitense DICKEY-john \u00e8 tra le pi\u00f9 qualificate al mondo ed offre nella sua gamma dal piccolo strumento portatile ai pi\u00f9 sofisticati analizzatori da laboratorio disponibili sul mercato.\" \/>\n<meta property=\"og:url\" content=\"https:\/\/www.agriprecisione.it\/en\/prodotti\/dickey-john-italia\/misuratore-umidita-per-cereali\/\" \/>\n<meta property=\"og:site_name\" content=\"Agriprecisione.it\" \/>\n<meta property=\"og:image\" content=\"http:\/\/www.agriprecisione.it\/wp-content\/uploads\/2009\/10\/cereali-copertina.jpg\" \/>\n<meta name=\"twitter:card\" content=\"summary_large_image\" \/>\n<meta name=\"twitter:label1\" content=\"Est. reading time\" \/>\n\t<meta name=\"twitter:data1\" content=\"1 minute\" \/>\n<script type=\"application\/ld+json\" class=\"yoast-schema-graph\">{\"@context\":\"https:\/\/schema.org\",\"@graph\":[{\"@type\":\"WebPage\",\"@id\":\"https:\/\/www.agriprecisione.it\/prodotti\/dickey-john-italia\/misuratore-umidita-per-cereali\/\",\"url\":\"https:\/\/www.agriprecisione.it\/prodotti\/dickey-john-italia\/misuratore-umidita-per-cereali\/\",\"name\":\"Misuratore umidit\u00e0 per cereali - Agriprecisione.it\",\"isPartOf\":{\"@id\":\"https:\/\/www.agriprecisione.it\/#website\"},\"datePublished\":\"2023-06-14T18:53:04+00:00\",\"dateModified\":\"2023-06-14T18:53:04+00:00\",\"description\":\"La divisone strumenti di analisi della societ\u00e0 statunitense DICKEY-john \u00e8 tra le pi\u00f9 qualificate al mondo ed offre nella sua gamma dal piccolo strumento portatile ai pi\u00f9 sofisticati analizzatori da laboratorio disponibili sul mercato.\",\"breadcrumb\":{\"@id\":\"https:\/\/www.agriprecisione.it\/prodotti\/dickey-john-italia\/misuratore-umidita-per-cereali\/#breadcrumb\"},\"inLanguage\":\"en-US\",\"potentialAction\":[{\"@type\":\"ReadAction\",\"target\":[\"https:\/\/www.agriprecisione.it\/prodotti\/dickey-john-italia\/misuratore-umidita-per-cereali\/\"]}]},{\"@type\":\"BreadcrumbList\",\"@id\":\"https:\/\/www.agriprecisione.it\/prodotti\/dickey-john-italia\/misuratore-umidita-per-cereali\/#breadcrumb\",\"itemListElement\":[{\"@type\":\"ListItem\",\"position\":1,\"name\":\"Home\",\"item\":\"https:\/\/www.agriprecisione.it\/\"},{\"@type\":\"ListItem\",\"position\":2,\"name\":\"Prodotti\",\"item\":\"https:\/\/www.agriprecisione.it\/prodotti\/\"},{\"@type\":\"ListItem\",\"position\":3,\"name\":\"DICKEY John\",\"item\":\"https:\/\/www.agriprecisione.it\/prodotti\/dickey-john-italia\/\"},{\"@type\":\"ListItem\",\"position\":4,\"name\":\"Misuratore umidit\u00e0 per cereali\"}]},{\"@type\":\"WebSite\",\"@id\":\"https:\/\/www.agriprecisione.it\/#website\",\"url\":\"https:\/\/www.agriprecisione.it\/\",\"name\":\"Agriprecisione.it\",\"description\":\"\",\"potentialAction\":[{\"@type\":\"SearchAction\",\"target\":{\"@type\":\"EntryPoint\",\"urlTemplate\":\"https:\/\/www.agriprecisione.it\/?s={search_term_string}\"},\"query-input\":\"required name=search_term_string\"}],\"inLanguage\":\"en-US\"}]}<\/script>\n<!-- \/ Yoast SEO plugin. -->","yoast_head_json":{"title":"Misuratore umidit\u00e0 per cereali - Agriprecisione.it","description":"La divisone strumenti di analisi della societ\u00e0 statunitense DICKEY-john \u00e8 tra le pi\u00f9 qualificate al mondo ed offre nella sua gamma dal piccolo strumento portatile ai pi\u00f9 sofisticati analizzatori da laboratorio disponibili sul mercato.","robots":{"index":"index","follow":"follow","max-snippet":"max-snippet:-1","max-image-preview":"max-image-preview:large","max-video-preview":"max-video-preview:-1"},"canonical":"https:\/\/www.agriprecisione.it\/en\/prodotti\/dickey-john-italia\/misuratore-umidita-per-cereali\/","og_locale":"en_US","og_type":"article","og_title":"Misuratore umidit\u00e0 per cereali - Agriprecisione.it","og_description":"La divisone strumenti di analisi della societ\u00e0 statunitense DICKEY-john \u00e8 tra le pi\u00f9 qualificate al mondo ed offre nella sua gamma dal piccolo strumento portatile ai pi\u00f9 sofisticati analizzatori da laboratorio disponibili sul mercato.","og_url":"https:\/\/www.agriprecisione.it\/en\/prodotti\/dickey-john-italia\/misuratore-umidita-per-cereali\/","og_site_name":"Agriprecisione.it","og_image":[{"url":"http:\/\/www.agriprecisione.it\/wp-content\/uploads\/2009\/10\/cereali-copertina.jpg"}],"twitter_card":"summary_large_image","twitter_misc":{"Est. reading time":"1 minute"},"schema":{"@context":"https:\/\/schema.org","@graph":[{"@type":"WebPage","@id":"https:\/\/www.agriprecisione.it\/prodotti\/dickey-john-italia\/misuratore-umidita-per-cereali\/","url":"https:\/\/www.agriprecisione.it\/prodotti\/dickey-john-italia\/misuratore-umidita-per-cereali\/","name":"Misuratore umidit\u00e0 per cereali - Agriprecisione.it","isPartOf":{"@id":"https:\/\/www.agriprecisione.it\/#website"},"datePublished":"2023-06-14T18:53:04+00:00","dateModified":"2023-06-14T18:53:04+00:00","description":"La divisone strumenti di analisi della societ\u00e0 statunitense DICKEY-john \u00e8 tra le pi\u00f9 qualificate al mondo ed offre nella sua gamma dal piccolo strumento portatile ai pi\u00f9 sofisticati analizzatori da laboratorio disponibili sul mercato.","breadcrumb":{"@id":"https:\/\/www.agriprecisione.it\/prodotti\/dickey-john-italia\/misuratore-umidita-per-cereali\/#breadcrumb"},"inLanguage":"en-US","potentialAction":[{"@type":"ReadAction","target":["https:\/\/www.agriprecisione.it\/prodotti\/dickey-john-italia\/misuratore-umidita-per-cereali\/"]}]},{"@type":"BreadcrumbList","@id":"https:\/\/www.agriprecisione.it\/prodotti\/dickey-john-italia\/misuratore-umidita-per-cereali\/#breadcrumb","itemListElement":[{"@type":"ListItem","position":1,"name":"Home","item":"https:\/\/www.agriprecisione.it\/"},{"@type":"ListItem","position":2,"name":"Prodotti","item":"https:\/\/www.agriprecisione.it\/prodotti\/"},{"@type":"ListItem","position":3,"name":"DICKEY John","item":"https:\/\/www.agriprecisione.it\/prodotti\/dickey-john-italia\/"},{"@type":"ListItem","position":4,"name":"Misuratore umidit\u00e0 per cereali"}]},{"@type":"WebSite","@id":"https:\/\/www.agriprecisione.it\/#website","url":"https:\/\/www.agriprecisione.it\/","name":"Agriprecisione.it","description":"","potentialAction":[{"@type":"SearchAction","target":{"@type":"EntryPoint","urlTemplate":"https:\/\/www.agriprecisione.it\/?s={search_term_string}"},"query-input":"required name=search_term_string"}],"inLanguage":"en-US"}]}},"_links":{"self":[{"href":"https:\/\/www.agriprecisione.it\/en\/wp-json\/wp\/v2\/pages\/4465"}],"collection":[{"href":"https:\/\/www.agriprecisione.it\/en\/wp-json\/wp\/v2\/pages"}],"about":[{"href":"https:\/\/www.agriprecisione.it\/en\/wp-json\/wp\/v2\/types\/page"}],"author":[{"embeddable":true,"href":"https:\/\/www.agriprecisione.it\/en\/wp-json\/wp\/v2\/users\/3"}],"replies":[{"embeddable":true,"href":"https:\/\/www.agriprecisione.it\/en\/wp-json\/wp\/v2\/comments?post=4465"}],"version-history":[{"count":0,"href":"https:\/\/www.agriprecisione.it\/en\/wp-json\/wp\/v2\/pages\/4465\/revisions"}],"up":[{"embeddable":true,"href":"https:\/\/www.agriprecisione.it\/en\/wp-json\/wp\/v2\/pages\/23"}],"wp:attachment":[{"href":"https:\/\/www.agriprecisione.it\/en\/wp-json\/wp\/v2\/media?parent=4465"}],"curies":[{"name":"wp","href":"https:\/\/api.w.org\/{rel}","templated":true}]}}