{"id":622,"date":"2010-02-07T10:08:32","date_gmt":"2010-02-07T08:08:32","guid":{"rendered":"http:\/\/www.agriprecisione.it\/?page_id=622"},"modified":"2018-07-09T16:54:17","modified_gmt":"2018-07-09T14:54:17","slug":"la-pedologia-tecnica-di-rilevamento-dei-suoli-applicabile-allagricoltura-e-viticoltura-di-precisione","status":"publish","type":"page","link":"https:\/\/www.agriprecisione.it\/en\/servizi-viticoltura\/la-pedologia-tecnica-di-rilevamento-dei-suoli-applicabile-allagricoltura-e-viticoltura-di-precisione\/","title":{"rendered":"<p>Pedology, soil detection technique applicable to agriculture and precision viticulture<\/p>"},"content":{"rendered":"<p>In un periodo come quello odierno, dove la competizione tra le aziende &egrave; cos&igrave; accentuata, risulta indispensabile effettuare in maniera oculata le scelte tecniche di base cos&igrave; da ottenere le massime performance possibili dal prorio <em>terroir<\/em>.<div id=\"attachment_625\" style=\"width: 210px\" class=\"wp-caption alignleft\"><img aria-describedby=\"caption-attachment-625\" decoding=\"async\" class=\"size-full wp-image-625\" title=\"Profilo 1\" src=\"http:\/\/www.agriprecisione.it\/wp-content\/uploads\/2010\/02\/Profilo-1.jpg\" alt=\"profilo geologico del terreno\" width=\"200\" srcset=\"https:\/\/www.agriprecisione.it\/wp-content\/uploads\/2010\/02\/Profilo-1.jpg 464w, https:\/\/www.agriprecisione.it\/wp-content\/uploads\/2010\/02\/Profilo-1-199x300.jpg 199w\" sizes=\"(max-width: 464px) 100vw, 464px\"><p id=\"caption-attachment-625\" class=\"wp-caption-text\">Profile 1: is a representative profile of a soil that develops on sandy sediments of the Pliocene is a thin little developed soil<\/p><\/div><p class=\" translation-block\"><strong> Characterization of soils <\/strong> and <strong> choice of plant material <\/strong> best suited to the specific situation are objectives that are best achieved thanks to our technologies.<\/p><p>Infatti, oltre alla descrizione di una espressione vegetativa utile ai fini della conduzione di un vigneto gi&agrave; esistente, il <strong>telerilevamento <\/strong>pu&ograve; essere anche un formidabile strumento per meglio definire una <strong>zonazione aziendale o comprensoriale<\/strong>. L?immagine multispettrale del suolo nudo permette di individuare con elevato grado di affidabilit&agrave; la presenza di umidit&agrave; e la definizione di aree spaziali dalle caratteristiche chimico-fisiche omogenee tra loro, permettendo al geopedologo di eseguire un numero di saggi estremeamente limitato rispetto alle procedure tradizionali. Ci&ograve; si riflette in un grande beneficio economico ed in una pi&ugrave; precisa individuazione cartografica delle zone omogenee.<\/p><p>La <strong>geopedologica <\/strong>ha infatti assunto un ruolo di indiscusso rilievo come metodologia di ricerca e di studio finalizzata all?individuazione ed alla descrizione di quelle condizioni pedogenetiche che caratterizzano e qualificano i suoli ed i siti nei quali questi si sviluppano, inseribili in un contesto geologico-territoriale definibile attraverso la realizzazione di carte geopedologiche.<\/p><div id=\"attachment_626\" style=\"width: 210px\" class=\"wp-caption alignleft\"><img aria-describedby=\"caption-attachment-626\" decoding=\"async\" class=\"size-medium wp-image-626\" title=\"Profilo geologico del terreno 2\" src=\"http:\/\/www.agriprecisione.it\/wp-content\/uploads\/2010\/02\/Profilo-2-272x300.jpg\" alt=\"Profilo geologico del terreno 2\" width=\"200\" srcset=\"https:\/\/www.agriprecisione.it\/wp-content\/uploads\/2010\/02\/Profilo-2-272x300.jpg 272w, https:\/\/www.agriprecisione.it\/wp-content\/uploads\/2010\/02\/Profilo-2.jpg 554w\" sizes=\"(max-width: 272px) 100vw, 272px\"><p id=\"caption-attachment-626\" class=\"wp-caption-text\">Profile P2: it is a representative profile of a soil that develops on clayey sediments of the Pliocene is a thin little developed, saline-sodium soil.<\/p><\/div><p>L?<strong>applicazione della pedologia nella viticoltura di precisione<\/strong> ed in altre discipline con le quali si interfaccia attraverso una relazione tra ambiente e territorio scaturisce dall?esigenza di conoscere, per definirle, le qualit&agrave; o anche le limitazioni di un territorio.<\/p><p class=\" translation-block\">A <strong> geopedological study of a territory <\/strong> is to be considered as the starting point of a professional and interdisciplinary work, where the geological and agronomic knowledge are aimed at the protection and enhancement of an existing heritage or even research and to the development of a new territory of a developing territory.<\/p><p>La redazione di una <strong>carta pedologica <\/strong>assume dei risultati peculiari in quanto si tratta di applicare la pedologia ad un contesto specifico come &egrave; quello vitivinicolo dove pi&ugrave; che in altri settori si &egrave; chiamati a fornire delle risposte concrete ed immediate: l?esigenza da rispettare in primis &egrave; quella di redigere una carta non rappresentativa di un semplice campionamento di terra, ma in grado di fornire consigli concreti, ad esempio su <strong>come e dove eseguire le sistemazioni agrarie in rispetto del suolo e dei vincoli paesaggistici ed idrogeologici<\/strong>, come e dove eseguire i drenaggi anche in funzione dei costi per metro lineare di scavo, come e se conviene eseguire movimenti di terra e soprattutto con quali macchine operatrici.<\/p><p><img decoding=\"async\" class=\"size-full wp-image-627\" title=\"Profilo geologico del terreno 3\" src=\"http:\/\/www.agriprecisione.it\/wp-content\/uploads\/2010\/02\/Profilo-3.jpg\" alt=\"Profilo P3: Suolo profondo ben sviluppato.\" width=\"200\" srcset=\"https:\/\/www.agriprecisione.it\/wp-content\/uploads\/2010\/02\/Profilo-3.jpg 493w, https:\/\/www.agriprecisione.it\/wp-content\/uploads\/2010\/02\/Profilo-3-222x300.jpg 222w\" sizes=\"(max-width: 493px) 100vw, 493px\"><\/p><p>In summary, in a geopedological map, data are elaborated for the enhancement of the qualities of a territory, also because the preparation of this map presupposes the study of a soil that presents its typicality that must first be recognized and then safeguarded and enhanced.<\/p><p>Pertanto parliamo di ?pedologia empirica? come di un modello applicativo alla viticoltura di precisione per la ricerca di quei siti di produzione che per le loro qualit&agrave; o le ?limitazioni? sono i pi&ugrave; idonei a far esprimere le potenzialit&agrave; di un vigneto.<\/p><p>The aim is to provide the client with a useful paper that is the final scientific result of an interdisciplinary methodology, accompanied by a legend to be interpreted today, as an explanatory attachment that can also provide knowledge of the limitations that must no longer be understood as decreases in the economic value of a land, but as an indication for the agronomist technician of certain intrinsic qualities of a soil to manage them better and to enhance them: all this not at the expense, but to increase the company's assets.<\/p><p>La metodica da applicare segue delle costanti scientifiche definite; le variabili invece sono il frutto dell?esperienza professionale e rivestono il ruolo primario perch&eacute; l?oggetto dell?indagine &egrave; il suolo, che &egrave; un elemento, o meglio il risultato in itinere della compenetrazione di elementi fisici, chimici, e organici non standardizzabili.<\/p><p>Solo dal perfetto equilibrio di queste procedure nasce la premessa per la ricerca e l?applicazione della geopedologica nei vari campi dell?<strong>precision agriculture<\/strong>.<\/p><p class=\" translation-block\">Francesco Lizio Bruno <br> <em> Geologist-Pedologist, freelance professional, Montepulciano (Siena) <\/em><\/p><div id=\"attachment_628\" style=\"width: 210px\" class=\"wp-caption alignleft\"><img aria-describedby=\"caption-attachment-628\" decoding=\"async\" class=\"size-full wp-image-628\" title=\"Profilo 4\" src=\"http:\/\/www.agriprecisione.it\/wp-content\/uploads\/2010\/02\/Profilo-4.jpg\" alt=\"Profilo geologico del terreno 4\" width=\"200\" srcset=\"https:\/\/www.agriprecisione.it\/wp-content\/uploads\/2010\/02\/Profilo-4.jpg 416w, https:\/\/www.agriprecisione.it\/wp-content\/uploads\/2010\/02\/Profilo-4-201x300.jpg 201w\" sizes=\"(max-width: 416px) 100vw, 416px\"><p id=\"caption-attachment-628\" class=\"wp-caption-text\">Profile P4: it is a representative profile of a soil that develops on lake sediments of the Pleistocene where it is evident the very calcareous deep layer, with accumulation of calcium carbonate.<\/p><\/div><div id=\"attachment_629\" style=\"width: 210px\" class=\"wp-caption alignleft\"><img aria-describedby=\"caption-attachment-629\" decoding=\"async\" class=\"size-full wp-image-629\" title=\"Profilo 5\" src=\"http:\/\/www.agriprecisione.it\/wp-content\/uploads\/2010\/02\/Profilo-5.jpg\" alt=\"Profilo geologico del terreno 5\" width=\"200\" srcset=\"https:\/\/www.agriprecisione.it\/wp-content\/uploads\/2010\/02\/Profilo-5.jpg 500w, https:\/\/www.agriprecisione.it\/wp-content\/uploads\/2010\/02\/Profilo-5-218x300.jpg 218w\" sizes=\"(max-width: 500px) 100vw, 500px\"><p id=\"caption-attachment-629\" class=\"wp-caption-text\">Profile P5: well developed deep soil where the deepest clay layer is evident with signs of hydromorphy from water stagnation.<\/p><\/div><\/p>","protected":false},"excerpt":{"rendered":"<p>In un periodo come quello odierno, dove la competizione tra le aziende &egrave; cos&igrave; accentuata, risulta indispensabile effettuare in maniera oculata le scelte tecniche di base cos&igrave; da ottenere le massime performance possibili dal prorio terroir. Caratterizzazione dei suoli e scelta del materiale vegetale pi&ugrave; idoneo alla specifica situazione sono<a class=\"moretag\" href=\"https:\/\/www.agriprecisione.it\/en\/servizi-viticoltura\/la-pedologia-tecnica-di-rilevamento-dei-suoli-applicabile-allagricoltura-e-viticoltura-di-precisione\/\"> Read more<\/a><\/p>","protected":false},"author":1,"featured_media":0,"parent":9,"menu_order":0,"comment_status":"closed","ping_status":"closed","template":"","meta":{"footnotes":""},"yoast_head":"<!-- This site is optimized with the Yoast SEO plugin v21.3 - https:\/\/yoast.com\/wordpress\/plugins\/seo\/ -->\n<title>La pedologia, tecnica di rilevamento dei suoli applicabile all&#039;agricoltura e viticoltura di precisione - Agriprecisione.it<\/title>\n<meta name=\"robots\" content=\"index, follow, max-snippet:-1, max-image-preview:large, max-video-preview:-1\" \/>\n<link rel=\"canonical\" href=\"https:\/\/www.agriprecisione.it\/en\/servizi-viticoltura\/la-pedologia-tecnica-di-rilevamento-dei-suoli-applicabile-allagricoltura-e-viticoltura-di-precisione\/\" \/>\n<meta property=\"og:locale\" content=\"en_US\" \/>\n<meta property=\"og:type\" content=\"article\" \/>\n<meta property=\"og:title\" content=\"La pedologia, tecnica di rilevamento dei suoli applicabile all&#039;agricoltura e viticoltura di precisione - Agriprecisione.it\" \/>\n<meta property=\"og:description\" content=\"In un periodo come quello odierno, dove la competizione tra le aziende \u00e8 cos\u00ec accentuata, risulta indispensabile effettuare in maniera oculata le scelte tecniche di base cos\u00ec da ottenere le massime performance possibili dal prorio terroir. Caratterizzazione dei suoli e scelta del materiale vegetale pi\u00f9 idoneo alla specifica situazione sono Read more\" \/>\n<meta property=\"og:url\" content=\"https:\/\/www.agriprecisione.it\/en\/servizi-viticoltura\/la-pedologia-tecnica-di-rilevamento-dei-suoli-applicabile-allagricoltura-e-viticoltura-di-precisione\/\" \/>\n<meta property=\"og:site_name\" content=\"Agriprecisione.it\" \/>\n<meta property=\"article:modified_time\" content=\"2018-07-09T14:54:17+00:00\" \/>\n<meta property=\"og:image\" content=\"http:\/\/www.agriprecisione.it\/wp-content\/uploads\/2010\/02\/Profilo-1.jpg\" \/>\n<meta name=\"twitter:card\" content=\"summary_large_image\" \/>\n<meta name=\"twitter:label1\" content=\"Est. reading time\" \/>\n\t<meta name=\"twitter:data1\" content=\"4 minutes\" \/>\n<script type=\"application\/ld+json\" class=\"yoast-schema-graph\">{\"@context\":\"https:\/\/schema.org\",\"@graph\":[{\"@type\":\"WebPage\",\"@id\":\"https:\/\/www.agriprecisione.it\/servizi-viticoltura\/la-pedologia-tecnica-di-rilevamento-dei-suoli-applicabile-allagricoltura-e-viticoltura-di-precisione\/\",\"url\":\"https:\/\/www.agriprecisione.it\/servizi-viticoltura\/la-pedologia-tecnica-di-rilevamento-dei-suoli-applicabile-allagricoltura-e-viticoltura-di-precisione\/\",\"name\":\"La pedologia, tecnica di rilevamento dei suoli applicabile all'agricoltura e viticoltura di precisione - Agriprecisione.it\",\"isPartOf\":{\"@id\":\"https:\/\/www.agriprecisione.it\/#website\"},\"datePublished\":\"2010-02-07T08:08:32+00:00\",\"dateModified\":\"2018-07-09T14:54:17+00:00\",\"breadcrumb\":{\"@id\":\"https:\/\/www.agriprecisione.it\/servizi-viticoltura\/la-pedologia-tecnica-di-rilevamento-dei-suoli-applicabile-allagricoltura-e-viticoltura-di-precisione\/#breadcrumb\"},\"inLanguage\":\"en-US\",\"potentialAction\":[{\"@type\":\"ReadAction\",\"target\":[\"https:\/\/www.agriprecisione.it\/servizi-viticoltura\/la-pedologia-tecnica-di-rilevamento-dei-suoli-applicabile-allagricoltura-e-viticoltura-di-precisione\/\"]}]},{\"@type\":\"BreadcrumbList\",\"@id\":\"https:\/\/www.agriprecisione.it\/servizi-viticoltura\/la-pedologia-tecnica-di-rilevamento-dei-suoli-applicabile-allagricoltura-e-viticoltura-di-precisione\/#breadcrumb\",\"itemListElement\":[{\"@type\":\"ListItem\",\"position\":1,\"name\":\"Home\",\"item\":\"https:\/\/www.agriprecisione.it\/\"},{\"@type\":\"ListItem\",\"position\":2,\"name\":\"Servizi per la viticoltura\",\"item\":\"https:\/\/www.agriprecisione.it\/servizi-viticoltura\/\"},{\"@type\":\"ListItem\",\"position\":3,\"name\":\"La pedologia, tecnica di rilevamento dei suoli applicabile all&#8217;agricoltura e viticoltura di precisione\"}]},{\"@type\":\"WebSite\",\"@id\":\"https:\/\/www.agriprecisione.it\/#website\",\"url\":\"https:\/\/www.agriprecisione.it\/\",\"name\":\"Agriprecisione.it\",\"description\":\"\",\"potentialAction\":[{\"@type\":\"SearchAction\",\"target\":{\"@type\":\"EntryPoint\",\"urlTemplate\":\"https:\/\/www.agriprecisione.it\/?s={search_term_string}\"},\"query-input\":\"required name=search_term_string\"}],\"inLanguage\":\"en-US\"}]}<\/script>\n<!-- \/ Yoast SEO plugin. -->","yoast_head_json":{"title":"La pedologia, tecnica di rilevamento dei suoli applicabile all'agricoltura e viticoltura di precisione - Agriprecisione.it","robots":{"index":"index","follow":"follow","max-snippet":"max-snippet:-1","max-image-preview":"max-image-preview:large","max-video-preview":"max-video-preview:-1"},"canonical":"https:\/\/www.agriprecisione.it\/en\/servizi-viticoltura\/la-pedologia-tecnica-di-rilevamento-dei-suoli-applicabile-allagricoltura-e-viticoltura-di-precisione\/","og_locale":"en_US","og_type":"article","og_title":"La pedologia, tecnica di rilevamento dei suoli applicabile all'agricoltura e viticoltura di precisione - Agriprecisione.it","og_description":"In un periodo come quello odierno, dove la competizione tra le aziende \u00e8 cos\u00ec accentuata, risulta indispensabile effettuare in maniera oculata le scelte tecniche di base cos\u00ec da ottenere le massime performance possibili dal prorio terroir. Caratterizzazione dei suoli e scelta del materiale vegetale pi\u00f9 idoneo alla specifica situazione sono Read more","og_url":"https:\/\/www.agriprecisione.it\/en\/servizi-viticoltura\/la-pedologia-tecnica-di-rilevamento-dei-suoli-applicabile-allagricoltura-e-viticoltura-di-precisione\/","og_site_name":"Agriprecisione.it","article_modified_time":"2018-07-09T14:54:17+00:00","og_image":[{"url":"http:\/\/www.agriprecisione.it\/wp-content\/uploads\/2010\/02\/Profilo-1.jpg"}],"twitter_card":"summary_large_image","twitter_misc":{"Est. reading time":"4 minutes"},"schema":{"@context":"https:\/\/schema.org","@graph":[{"@type":"WebPage","@id":"https:\/\/www.agriprecisione.it\/servizi-viticoltura\/la-pedologia-tecnica-di-rilevamento-dei-suoli-applicabile-allagricoltura-e-viticoltura-di-precisione\/","url":"https:\/\/www.agriprecisione.it\/servizi-viticoltura\/la-pedologia-tecnica-di-rilevamento-dei-suoli-applicabile-allagricoltura-e-viticoltura-di-precisione\/","name":"La pedologia, tecnica di rilevamento dei suoli applicabile all'agricoltura e viticoltura di precisione - Agriprecisione.it","isPartOf":{"@id":"https:\/\/www.agriprecisione.it\/#website"},"datePublished":"2010-02-07T08:08:32+00:00","dateModified":"2018-07-09T14:54:17+00:00","breadcrumb":{"@id":"https:\/\/www.agriprecisione.it\/servizi-viticoltura\/la-pedologia-tecnica-di-rilevamento-dei-suoli-applicabile-allagricoltura-e-viticoltura-di-precisione\/#breadcrumb"},"inLanguage":"en-US","potentialAction":[{"@type":"ReadAction","target":["https:\/\/www.agriprecisione.it\/servizi-viticoltura\/la-pedologia-tecnica-di-rilevamento-dei-suoli-applicabile-allagricoltura-e-viticoltura-di-precisione\/"]}]},{"@type":"BreadcrumbList","@id":"https:\/\/www.agriprecisione.it\/servizi-viticoltura\/la-pedologia-tecnica-di-rilevamento-dei-suoli-applicabile-allagricoltura-e-viticoltura-di-precisione\/#breadcrumb","itemListElement":[{"@type":"ListItem","position":1,"name":"Home","item":"https:\/\/www.agriprecisione.it\/"},{"@type":"ListItem","position":2,"name":"Servizi per la viticoltura","item":"https:\/\/www.agriprecisione.it\/servizi-viticoltura\/"},{"@type":"ListItem","position":3,"name":"La pedologia, tecnica di rilevamento dei suoli applicabile all&#8217;agricoltura e viticoltura di precisione"}]},{"@type":"WebSite","@id":"https:\/\/www.agriprecisione.it\/#website","url":"https:\/\/www.agriprecisione.it\/","name":"Agriprecisione.it","description":"","potentialAction":[{"@type":"SearchAction","target":{"@type":"EntryPoint","urlTemplate":"https:\/\/www.agriprecisione.it\/?s={search_term_string}"},"query-input":"required name=search_term_string"}],"inLanguage":"en-US"}]}},"_links":{"self":[{"href":"https:\/\/www.agriprecisione.it\/en\/wp-json\/wp\/v2\/pages\/622"}],"collection":[{"href":"https:\/\/www.agriprecisione.it\/en\/wp-json\/wp\/v2\/pages"}],"about":[{"href":"https:\/\/www.agriprecisione.it\/en\/wp-json\/wp\/v2\/types\/page"}],"author":[{"embeddable":true,"href":"https:\/\/www.agriprecisione.it\/en\/wp-json\/wp\/v2\/users\/1"}],"replies":[{"embeddable":true,"href":"https:\/\/www.agriprecisione.it\/en\/wp-json\/wp\/v2\/comments?post=622"}],"version-history":[{"count":0,"href":"https:\/\/www.agriprecisione.it\/en\/wp-json\/wp\/v2\/pages\/622\/revisions"}],"up":[{"embeddable":true,"href":"https:\/\/www.agriprecisione.it\/en\/wp-json\/wp\/v2\/pages\/9"}],"wp:attachment":[{"href":"https:\/\/www.agriprecisione.it\/en\/wp-json\/wp\/v2\/media?parent=622"}],"curies":[{"name":"wp","href":"https:\/\/api.w.org\/{rel}","templated":true}]}}